{"id":140,"date":"2025-10-06T17:37:00","date_gmt":"2025-10-06T15:37:00","guid":{"rendered":"https:\/\/casasprochile.cl\/?post_type=product&#038;p=140"},"modified":"2025-10-27T23:19:35","modified_gmt":"2025-10-27T22:19:35","slug":"casa-6x7-42m","status":"publish","type":"product","link":"https:\/\/casasprochile.cl\/index.php\/producto\/casa-6x7-42m\/","title":{"rendered":"Casa 6&#215;7\/ 42m"},"content":{"rendered":"<h6 data-start=\"177\" data-end=\"231\"><span style=\"vertical-align: inherit;\"><span style=\"vertical-align: inherit;\">Avancemos hacia una <\/span><\/span><strong data-start=\"200\" data-end=\"231\"><span style=\"vertical-align: inherit;\"><span style=\"vertical-align: inherit;\">CASA de CALIDAD GARANTIZADA<\/span><\/span><\/strong><\/h6>\n<h6 data-start=\"233\" data-end=\"678\"><strong data-start=\"233\" data-end=\"264\">Paneles Exteriores S\u00d3LIDOS:<\/strong> Fabricados en <strong data-start=\"279\" data-end=\"301\">MADERA CERTIFICADA<\/strong> de 2\u201dx3\u201d pulgadas a 0,60cm de eje, con tirantes en cada extremo para garantizar la solidez estructural del panel. Incluyen revestimiento exterior y tabla tinglada seca en c\u00e1mara, complementados con fieltro asf\u00e1ltico para garantizar una excelente resistencia a los elementos.<br data-start=\"576\" data-end=\"579\" \/>Altura de PANELES exteriores e interiores <strong data-start=\"621\" data-end=\"678\">SEG\u00daN NORMA CHILENA DE CONSTRUCCI\u00d3N A 2.40 DE ALTURA.<\/strong><\/h6>\n<h6 data-start=\"680\" data-end=\"995\"><strong data-start=\"680\" data-end=\"714\">Paneles Interiores de CALIDAD:<\/strong> Construidos tambi\u00e9n en madera de primera en pino dimensionado <strong data-start=\"777\" data-end=\"792\">CERTIFICADO<\/strong> de 2\u201dx3\u201d pulgadas, <strong data-start=\"812\" data-end=\"824\">FORRADOS<\/strong> en vulcanita de 10mm en una cara, incluye los tornillos para su fijaci\u00f3n a los paneles. Los paneles interiores son dise\u00f1ados para ofrecer un ambiente acogedor y duradero.<\/h6>\n<h6 data-start=\"997\" data-end=\"1194\"><strong data-start=\"997\" data-end=\"1018\">Cerchas FORRADAS:<\/strong> Utilizamos madera de pino certificado dimensionado de <strong data-start=\"1073\" data-end=\"1091\">1\u201dx4\u201d pulgadas<\/strong> para las cerchas, proporcionando un soporte estructural firme y confiable. <strong data-start=\"1167\" data-end=\"1194\">ALTURA de cerchas 1,20.<\/strong><\/h6>\n<h6 data-start=\"1196\" data-end=\"1329\"><strong data-start=\"1196\" data-end=\"1225\">Costaneras ESTRUCTURALES:<\/strong> Incluidas en el dise\u00f1o, las costaneras de 2\u201dx2\u201d pulgadas aportan estabilidad adicional a la estructura.<\/h6>\n<h6 data-start=\"1331\" data-end=\"1635\"><strong data-start=\"1331\" data-end=\"1353\">Techo IMPERMEABLE:<\/strong> Incluye barrera de humedad de fieltro asf\u00e1ltico en toda la cubierta del techo.<br data-start=\"1432\" data-end=\"1435\" \/>El techo de zinc acanalado de 0.35mm asegura una protecci\u00f3n eficaz contra las inclemencias del clima.<br data-start=\"1536\" data-end=\"1539\" \/>Caballetes en sing de 0,35 y de 30 cm de ancho garantizan que el techo soporte lluvias intensas.<\/h6>\n<h6 data-start=\"1637\" data-end=\"1795\"><strong data-start=\"1637\" data-end=\"1666\">FIJACIONES Estructurales:<\/strong> Tornillos tirafondo turbo de 4&#8243;, para brindar una <strong data-start=\"1717\" data-end=\"1736\">FIJACI\u00d3N ETERNA<\/strong> entre los paneles y de estos elementos al piso de la casa.<\/h6>\n<hr data-start=\"1797\" data-end=\"1800\" \/>\n<h6 data-start=\"1802\" data-end=\"1825\">\ud83e\uddf0 KITS DISPONIBLES<\/h6>\n<h6 data-start=\"1827\" data-end=\"1847\"><strong data-start=\"1832\" data-end=\"1847\">KIT INICIAL<\/strong><\/h6>\n<h6 data-start=\"1848\" data-end=\"1954\">\ud83d\udcb0 <strong data-start=\"1851\" data-end=\"1867\">$3.590.900.-<\/strong><br data-start=\"1867\" data-end=\"1870\" \/>\ud83d\ude9a Env\u00edo <strong data-start=\"1879\" data-end=\"1905\">GRATIS a RM y V Regi\u00f3n<\/strong><br data-start=\"1905\" data-end=\"1908\" \/>(<strong data-start=\"1909\" data-end=\"1951\">Env\u00edos desde $200.000 a otras regiones<\/strong>)<\/h6>\n<hr data-start=\"1956\" data-end=\"1959\" \/>\n<h6 data-start=\"1961\" data-end=\"1982\"><strong data-start=\"1966\" data-end=\"1982\">KIT SEMIFULL<\/strong><\/h6>\n<h6 data-start=\"1983\" data-end=\"2015\">\ud83d\udcb0 <strong data-start=\"1986\" data-end=\"2002\">$4.650.900.-<\/strong><br data-start=\"2002\" data-end=\"2005\" \/>Incluye:<\/h6>\n<ul data-start=\"2016\" data-end=\"2229\">\n<li data-start=\"2016\" data-end=\"2072\">\n<h6 data-start=\"2018\" data-end=\"2072\">Todas las puertas interiores <strong data-start=\"2047\" data-end=\"2070\">MADERA s\u00f3lida de 80<\/strong><\/h6>\n<\/li>\n<li data-start=\"2073\" data-end=\"2128\">\n<h6 data-start=\"2075\" data-end=\"2128\">TODAS puertas interiores forradas <strong data-start=\"2109\" data-end=\"2126\">T10 COMPLETAS<\/strong><\/h6>\n<\/li>\n<li data-start=\"2129\" data-end=\"2181\">\n<h6 data-start=\"2131\" data-end=\"2181\">TODAS las ventanas de <strong data-start=\"2153\" data-end=\"2179\">Aluminio L\u00ednea TIT\u00c1NIO<\/strong><\/h6>\n<\/li>\n<li data-start=\"2182\" data-end=\"2229\">\n<h6 data-start=\"2184\" data-end=\"2229\">Silicona para SELLADO de puertas y ventanas<\/h6>\n<\/li>\n<\/ul>\n<hr data-start=\"2231\" data-end=\"2234\" \/>\n<h6 data-start=\"2236\" data-end=\"2259\"><strong data-start=\"2241\" data-end=\"2259\">KIT FULL HOUSE<\/strong><\/h6>\n<h6 data-start=\"2260\" data-end=\"2292\">\ud83d\udcb0 <strong data-start=\"2263\" data-end=\"2279\">$6.090.900.-<\/strong><br data-start=\"2279\" data-end=\"2282\" \/>Incluye:<\/h6>\n<ul data-start=\"2293\" data-end=\"2490\">\n<li data-start=\"2293\" data-end=\"2328\">\n<h6 data-start=\"2295\" data-end=\"2328\">Todas las <strong data-start=\"2305\" data-end=\"2326\">Puertas COMPLETAS<\/strong><\/h6>\n<\/li>\n<li data-start=\"2329\" data-end=\"2369\">\n<h6 data-start=\"2331\" data-end=\"2369\">Todas las <strong data-start=\"2341\" data-end=\"2367\">Ventanas L\u00ednea TIT\u00c1NIO<\/strong><\/h6>\n<\/li>\n<li data-start=\"2370\" data-end=\"2419\">\n<h6 data-start=\"2372\" data-end=\"2419\">Forro interior completo <strong data-start=\"2396\" data-end=\"2417\">VULCANITA DE 10MM<\/strong><\/h6>\n<\/li>\n<li data-start=\"2420\" data-end=\"2465\">\n<h6 data-start=\"2422\" data-end=\"2465\">Aislaci\u00f3n COMPLETA con asf\u00e1ltico de 50 mm<\/h6>\n<\/li>\n<li data-start=\"2466\" data-end=\"2490\">\n<h6 data-start=\"2468\" data-end=\"2490\"><strong data-start=\"2468\" data-end=\"2490\">ALEROS Y TAPACANAS<\/strong><\/h6>\n<\/li>\n<\/ul>\n","protected":false},"excerpt":{"rendered":"<h6><strong data-start=\"185\" data-end=\"220\"><span style=\"vertical-align: inherit;\"><span style=\"vertical-align: inherit;\">Casa prefabricada 6&#215;7 m (42 m\u00b2)<\/span><\/span><\/strong><span style=\"vertical-align: inherit;\"><span style=\"vertical-align: inherit;\"> con 2 dormitorios y 1 ba\u00f1o. Construcci\u00f3n s\u00f3lida en <\/span><\/span><strong data-start=\"272\" data-end=\"294\"><span style=\"vertical-align: inherit;\"><span style=\"vertical-align: inherit;\">madera certificada<\/span><\/span><\/strong><span style=\"vertical-align: inherit;\"><span style=\"vertical-align: inherit;\">, paneles exteriores e interiores de alta calidad, <\/span><\/span><strong data-start=\"345\" data-end=\"386\"><span style=\"vertical-align: inherit;\"><span style=\"vertical-align: inherit;\">aislaci\u00f3n t\u00e9rmica y techo impermeable<\/span><\/span><\/strong><span style=\"vertical-align: inherit;\"><span style=\"vertical-align: inherit;\"> con zinc 0.35 mm. Dise\u00f1o moderno, eficiente y duradero seg\u00fan <\/span><\/span><strong data-start=\"448\" data-end=\"481\"><span style=\"vertical-align: inherit;\"><span style=\"vertical-align: inherit;\">Norma Chilena de Construcci\u00f3n<\/span><\/span><\/strong><span style=\"vertical-align: inherit;\"><span style=\"vertical-align: inherit;\">. Disponible en kits: Inicial, Semifull y Full House.<\/span><\/span><\/h6>\n","protected":false},"featured_media":141,"comment_status":"open","ping_status":"closed","template":"","meta":{"_joinchat":[]},"product_brand":[],"product_cat":[19],"product_tag":[],"class_list":{"0":"post-140","1":"product","2":"type-product","3":"status-publish","4":"has-post-thumbnail","6":"product_cat-clasicas","8":"first","9":"instock","10":"shipping-taxable","11":"product-type-simple"},"_links":{"self":[{"href":"https:\/\/casasprochile.cl\/index.php\/wp-json\/wp\/v2\/product\/140","targetHints":{"allow":["GET"]}}],"collection":[{"href":"https:\/\/casasprochile.cl\/index.php\/wp-json\/wp\/v2\/product"}],"about":[{"href":"https:\/\/casasprochile.cl\/index.php\/wp-json\/wp\/v2\/types\/product"}],"replies":[{"embeddable":true,"href":"https:\/\/casasprochile.cl\/index.php\/wp-json\/wp\/v2\/comments?post=140"}],"wp:featuredmedia":[{"embeddable":true,"href":"https:\/\/casasprochile.cl\/index.php\/wp-json\/wp\/v2\/media\/141"}],"wp:attachment":[{"href":"https:\/\/casasprochile.cl\/index.php\/wp-json\/wp\/v2\/media?parent=140"}],"wp:term":[{"taxonomy":"product_brand","embeddable":true,"href":"https:\/\/casasprochile.cl\/index.php\/wp-json\/wp\/v2\/product_brand?post=140"},{"taxonomy":"product_cat","embeddable":true,"href":"https:\/\/casasprochile.cl\/index.php\/wp-json\/wp\/v2\/product_cat?post=140"},{"taxonomy":"product_tag","embeddable":true,"href":"https:\/\/casasprochile.cl\/index.php\/wp-json\/wp\/v2\/product_tag?post=140"}],"curies":[{"name":"wp","href":"https:\/\/api.w.org\/{rel}","templated":true}]}}